{"id":216,"date":"2023-05-17T08:57:08","date_gmt":"2023-05-17T08:57:08","guid":{"rendered":"http:\/\/vinhosnocastelo.pt\/site\/?page_id=216"},"modified":"2025-04-21T13:06:48","modified_gmt":"2025-04-21T13:06:48","slug":"programa","status":"publish","type":"page","link":"http:\/\/vinhosnocastelo.pt\/site\/index.php\/programa\/","title":{"rendered":"Programa"},"content":{"rendered":"<p>[et_pb_section fb_built=&#8221;1&#8243; admin_label=&#8221;Header&#8221; _builder_version=&#8221;4.20.4&#8243; _module_preset=&#8221;default&#8221; background_color=&#8221;RGBA(255,255,255,0)&#8221; use_background_color_gradient=&#8221;on&#8221; background_color_gradient_stops=&#8221;#ffffff 0%|#6705ad 100%&#8221; background_image=&#8221;http:\/\/vinhosnocastelo.pt\/site\/wp-content\/uploads\/2023\/04\/wine.jpg-copy.jpg&#8221; background_position=&#8221;center_left&#8221; background_blend=&#8221;overlay&#8221; custom_padding=&#8221;15vw||134px||false|false&#8221; global_colors_info=&#8221;{}&#8221;][et_pb_row _builder_version=&#8221;4.16&#8243; _module_preset=&#8221;default&#8221; global_colors_info=&#8221;{}&#8221;][et_pb_column type=&#8221;4_4&#8243; _builder_version=&#8221;4.16&#8243; _module_preset=&#8221;default&#8221; global_colors_info=&#8221;{}&#8221;][et_pb_text _builder_version=&#8221;4.20.4&#8243; _module_preset=&#8221;default&#8221; header_font=&#8221;|700|||||||&#8221; header_text_color=&#8221;#FFFFFF&#8221; header_font_size=&#8221;120px&#8221; header_letter_spacing=&#8221;5px&#8221; header_line_height=&#8221;0.8em&#8221; header_2_font=&#8221;|700|||||||&#8221; header_2_text_color=&#8221;#FFFFFF&#8221; header_2_font_size=&#8221;4rem&#8221; max_width=&#8221;520px&#8221; header_font_size_tablet=&#8221;60px&#8221; header_font_size_phone=&#8221;40px&#8221; header_font_size_last_edited=&#8221;on|phone&#8221; header_2_text_shadow_style=&#8221;preset1&#8243; global_colors_info=&#8221;{}&#8221;]<\/p>\n<h2>Programa<\/h2>\n<p>[\/et_pb_text][\/et_pb_column][\/et_pb_row][\/et_pb_section][et_pb_section fb_built=&#8221;1&#8243; admin_label=&#8221;Section&#8221; _builder_version=&#8221;4.20.4&#8243; _module_preset=&#8221;default&#8221; custom_padding=&#8221;0px|||||&#8221; global_colors_info=&#8221;{}&#8221;][et_pb_row column_structure=&#8221;1_5,3_5,1_5&#8243; _builder_version=&#8221;4.20.4&#8243; _module_preset=&#8221;default&#8221; collapsed=&#8221;off&#8221; global_colors_info=&#8221;{}&#8221;][et_pb_column type=&#8221;1_5&#8243; _builder_version=&#8221;4.20.4&#8243; _module_preset=&#8221;default&#8221; global_colors_info=&#8221;{}&#8221;][\/et_pb_column][et_pb_column type=&#8221;3_5&#8243; _builder_version=&#8221;4.20.4&#8243; _module_preset=&#8221;default&#8221; global_colors_info=&#8221;{}&#8221;][et_pb_text _builder_version=&#8221;4.27.4&#8243; _module_preset=&#8221;default&#8221; custom_margin=&#8221;50px||||false|false&#8221; hover_enabled=&#8221;0&#8243; global_colors_info=&#8221;{}&#8221; sticky_enabled=&#8221;0&#8243;]<\/p>\n<h3 style=\"font-weight: 400;\"><strong>Sexta-feira, 9 de maio<\/strong><\/h3>\n<p style=\"font-weight: 400;\"><strong>Local: Castelo de Serpa<\/strong><\/p>\n<ul style=\"font-weight: 400;\">\n<li><strong>18h00<\/strong> \u2013 Sess\u00e3o de Inaugura\u00e7\u00e3o Oficial<\/li>\n<li><strong>18h30<\/strong> \u2013 <em>Romantic Sax &amp; Jazz<\/em>, por Armando Torr\u00e3o<\/li>\n<li><strong>19h00<\/strong> \u2013 Prova comentada de Cavas e presunto de Almendralejo<\/li>\n<li><strong>20h30<\/strong> \u2013 Sess\u00e3o de harmoniza\u00e7\u00e3o: Vinhos Brancos de Serpa e Queijo de Serpa<\/li>\n<li><strong>21h00<\/strong> \u2013 Concerto com <em>Bejazz Trio<\/em><\/li>\n<li><strong>23h30<\/strong> \u2013 Encerramento das atividades no Castelo<\/li>\n<\/ul>\n<p style=\"font-weight: 400;\"><strong>Local: Largo da Igreja<\/strong><\/p>\n<ul style=\"font-weight: 400;\">\n<li><strong>22h30<\/strong> \u2013 Espet\u00e1culo musical com <em>Rel\u00edquias<\/em><\/li>\n<li><strong>00h00<\/strong> \u2013 Concerto com <em>Ben &amp; the Pirates<\/em><\/li>\n<\/ul>\n<h3 style=\"font-weight: 400;\"><strong>S\u00e1bado, 10 de maio<\/strong><\/h3>\n<p style=\"font-weight: 400;\"><strong>Local: Largo da Igreja<\/strong><\/p>\n<ul style=\"font-weight: 400;\">\n<li><strong>18h00<\/strong> \u2013 Transmiss\u00e3o em direto do jogo <em>Benfica vs. Sporting<\/em><\/li>\n<\/ul>\n<p style=\"font-weight: 400;\"><strong>Local: Castelo de Serpa<\/strong><\/p>\n<ul style=\"font-weight: 400;\">\n<li><strong>20h00<\/strong> \u2013 Concerto <em>Jazz a Dois<\/em><\/li>\n<li><strong>20h30<\/strong> \u2013 Prova de Vinhos da Regi\u00e3o Demarcada do Douro<\/li>\n<li><strong>23h30<\/strong> \u2013 Encerramento das atividades no Castelo<\/li>\n<\/ul>\n<p style=\"font-weight: 400;\"><strong>Local: Largo da Igreja<\/strong><\/p>\n<ul style=\"font-weight: 400;\">\n<li><strong>23h00<\/strong> \u2013 Espet\u00e1culo com <em>Rastolhice<\/em><\/li>\n<li><strong>00h00<\/strong> \u2013 Concerto com <em>Porque Si<\/em><\/li>\n<\/ul>\n<p>[\/et_pb_text][\/et_pb_column][et_pb_column type=&#8221;1_5&#8243; _builder_version=&#8221;4.20.4&#8243; _module_preset=&#8221;default&#8221; global_colors_info=&#8221;{}&#8221;][\/et_pb_column][\/et_pb_row][\/et_pb_section]<\/p>\n","protected":false},"excerpt":{"rendered":"<p>ProgramaSexta-feira, 9 de maio Local: Castelo de Serpa 18h00 \u2013 Sess\u00e3o de Inaugura\u00e7\u00e3o Oficial 18h30 \u2013 Romantic Sax &amp; Jazz, por Armando Torr\u00e3o 19h00 \u2013 Prova comentada de Cavas e presunto de Almendralejo 20h30 \u2013 Sess\u00e3o de harmoniza\u00e7\u00e3o: Vinhos Brancos de Serpa e Queijo de Serpa 21h00 \u2013 Concerto com Bejazz Trio 23h30 \u2013 Encerramento [&hellip;]<\/p>\n","protected":false},"author":1,"featured_media":0,"parent":0,"menu_order":0,"comment_status":"closed","ping_status":"closed","template":"","meta":{"_et_pb_use_builder":"on","_et_pb_old_content":"","_et_gb_content_width":"","footnotes":""},"class_list":["post-216","page","type-page","status-publish","hentry"],"_links":{"self":[{"href":"http:\/\/vinhosnocastelo.pt\/site\/index.php\/wp-json\/wp\/v2\/pages\/216","targetHints":{"allow":["GET"]}}],"collection":[{"href":"http:\/\/vinhosnocastelo.pt\/site\/index.php\/wp-json\/wp\/v2\/pages"}],"about":[{"href":"http:\/\/vinhosnocastelo.pt\/site\/index.php\/wp-json\/wp\/v2\/types\/page"}],"author":[{"embeddable":true,"href":"http:\/\/vinhosnocastelo.pt\/site\/index.php\/wp-json\/wp\/v2\/users\/1"}],"replies":[{"embeddable":true,"href":"http:\/\/vinhosnocastelo.pt\/site\/index.php\/wp-json\/wp\/v2\/comments?post=216"}],"version-history":[{"count":23,"href":"http:\/\/vinhosnocastelo.pt\/site\/index.php\/wp-json\/wp\/v2\/pages\/216\/revisions"}],"predecessor-version":[{"id":342,"href":"http:\/\/vinhosnocastelo.pt\/site\/index.php\/wp-json\/wp\/v2\/pages\/216\/revisions\/342"}],"wp:attachment":[{"href":"http:\/\/vinhosnocastelo.pt\/site\/index.php\/wp-json\/wp\/v2\/media?parent=216"}],"curies":[{"name":"wp","href":"https:\/\/api.w.org\/{rel}","templated":true}]}}